{"id":377,"date":"2025-05-18T13:13:10","date_gmt":"2025-05-18T11:13:10","guid":{"rendered":"https:\/\/kunden.cayou-media.de\/hoeller\/contattaci\/"},"modified":"2025-05-26T09:55:50","modified_gmt":"2025-05-26T07:55:50","slug":"contattaci","status":"publish","type":"page","link":"https:\/\/www.derbaugutachter.com\/it\/contattaci\/","title":{"rendered":"Contattaci"},"content":{"rendered":"<p>[et_pb_section fb_built=&#8221;1&#8243; fullwidth=&#8221;on&#8221; _builder_version=&#8221;4.27.4&#8243; _module_preset=&#8221;default&#8221; global_module=&#8221;197&#8243; saved_tabs=&#8221;all&#8221; global_colors_info=&#8221;{}&#8221;][et_pb_fullwidth_slider show_pagination=&#8221;off&#8221; _builder_version=&#8221;4.27.4&#8243; _module_preset=&#8221;default&#8221; global_colors_info=&#8221;{}&#8221;][et_pb_slide _builder_version=&#8221;4.27.4&#8243; _module_preset=&#8221;default&#8221; background_color=&#8221;#0D59A5&#8243; background_enable_color=&#8221;on&#8221; background_image=&#8221;https:\/\/www.derbaugutachter.com\/wp-content\/uploads\/2025\/05\/harald_hoeller_slider_1.webp&#8221; background_enable_image=&#8221;on&#8221; parallax=&#8221;on&#8221; global_colors_info=&#8221;{}&#8221; sticky_transition=&#8221;on&#8221;]<\/p>\n<p><strong>Indipendente. Con esperienza. Affidabile.<\/strong><\/p>\n<p><em>Il tuo perito edile Harald H\u00f6ller<\/em><\/p>\n<p>[\/et_pb_slide][et_pb_slide _builder_version=&#8221;4.27.4&#8243; _module_preset=&#8221;default&#8221; background_color=&#8221;#0D59A5&#8243; background_enable_color=&#8221;on&#8221; background_image=&#8221;https:\/\/www.derbaugutachter.com\/wp-content\/uploads\/2025\/05\/harald_hoeller_slider_2.webp&#8221; background_enable_image=&#8221;on&#8221; parallax=&#8221;on&#8221; global_colors_info=&#8221;{}&#8221; sticky_transition=&#8221;on&#8221;]<\/p>\n<p><strong>Indipendente. Con esperienza. Affidabile.<\/strong><\/p>\n<p><em>Il tuo perito edile Harald H\u00f6ller<\/em><\/p>\n<p>[\/et_pb_slide][et_pb_slide _builder_version=&#8221;4.27.4&#8243; _module_preset=&#8221;default&#8221; background_color=&#8221;#0D59A5&#8243; background_enable_color=&#8221;on&#8221; background_image=&#8221;https:\/\/www.derbaugutachter.com\/wp-content\/uploads\/2025\/05\/harald_hoeller_slider_3.webp&#8221; background_enable_image=&#8221;on&#8221; parallax=&#8221;on&#8221; global_colors_info=&#8221;{}&#8221; sticky_transition=&#8221;on&#8221;]<\/p>\n<p><strong>Indipendente. Con esperienza. Affidabile.<\/strong><\/p>\n<p><em>Il tuo perito edile Harald H\u00f6ller<\/em><\/p>\n<p>[\/et_pb_slide][\/et_pb_fullwidth_slider][\/et_pb_section][et_pb_section fb_built=&#8221;1&#8243; _builder_version=&#8221;4.27.4&#8243; _module_preset=&#8221;default&#8221; hover_enabled=&#8221;0&#8243; global_colors_info=&#8221;{}&#8221; sticky_enabled=&#8221;0&#8243;][et_pb_row _builder_version=&#8221;4.27.4&#8243; _module_preset=&#8221;default&#8221; custom_margin=&#8221;||0px||false|false&#8221; custom_padding=&#8221;||0px||false|false&#8221; global_colors_info=&#8221;{}&#8221;][et_pb_column type=&#8221;4_4&#8243; _builder_version=&#8221;4.27.4&#8243; _module_preset=&#8221;default&#8221; global_colors_info=&#8221;{}&#8221;][dsm_text_notation notation_text=&#8221;Contattaci&#8221; _builder_version=&#8221;4.27.4&#8243; _module_preset=&#8221;default&#8221; text_orientation=&#8221;left&#8221; hover_enabled=&#8221;0&#8243; global_colors_info=&#8221;{}&#8221; sticky_enabled=&#8221;0&#8243;][\/dsm_text_notation][et_pb_text _builder_version=&#8221;4.27.4&#8243; _module_preset=&#8221;default&#8221; global_colors_info=&#8221;{}&#8221;]<\/p>\n<p><strong>Hai domande o hai bisogno del parere di un esperto?<\/strong><\/p>\n<p>[\/et_pb_text][\/et_pb_column][\/et_pb_row][et_pb_row column_structure=&#8221;2_3,1_3&#8243; _builder_version=&#8221;4.27.4&#8243; _module_preset=&#8221;default&#8221; global_colors_info=&#8221;{}&#8221;][et_pb_column type=&#8221;2_3&#8243; _builder_version=&#8221;4.27.4&#8243; _module_preset=&#8221;default&#8221; global_colors_info=&#8221;{}&#8221;][et_pb_text _builder_version=&#8221;4.27.4&#8243; _module_preset=&#8221;default&#8221; global_colors_info=&#8221;{}&#8221;]<\/p>\n\n<div class=\"wpcf7 no-js\" id=\"wpcf7-f385-o1\" lang=\"it-IT\" dir=\"ltr\" data-wpcf7-id=\"385\">\n<div class=\"screen-reader-response\"><p role=\"status\" aria-live=\"polite\" aria-atomic=\"true\"><\/p> <ul><\/ul><\/div>\n<form action=\"\/it\/wp-json\/wp\/v2\/pages\/377#wpcf7-f385-o1\" method=\"post\" class=\"wpcf7-form init\" aria-label=\"Modulo di contatto\" novalidate=\"novalidate\" data-status=\"init\">\n<fieldset class=\"hidden-fields-container\"><input type=\"hidden\" name=\"_wpcf7\" value=\"385\" \/><input type=\"hidden\" name=\"_wpcf7_version\" value=\"6.1.4\" \/><input type=\"hidden\" name=\"_wpcf7_locale\" value=\"it_IT\" \/><input type=\"hidden\" name=\"_wpcf7_unit_tag\" value=\"wpcf7-f385-o1\" \/><input type=\"hidden\" name=\"_wpcf7_container_post\" value=\"0\" \/><input type=\"hidden\" name=\"_wpcf7_posted_data_hash\" value=\"\" \/>\n<\/fieldset>\n<div class=\"et_pb_column et_pb_column_4_4\">\n\t<div class=\"et_pb_column et_pb_column_4_4\">\n\t\t<p><span class=\"wpcf7-form-control-wrap\" data-name=\"your-name\"><input size=\"40\" maxlength=\"400\" class=\"wpcf7-form-control wpcf7-text wpcf7-validates-as-required\" id=\"your-name\" aria-required=\"true\" aria-invalid=\"false\" placeholder=\"Azienda\/Nome*\" value=\"\" type=\"text\" name=\"your-name\" \/><\/span>\n\t\t<\/p>\n\t<\/div>\n<\/div>\n<div class=\"et_pb_column et_pb_column_4_4\">\n\t<div class=\"et_pb_column et_pb_column_1_2\">\n\t\t<p><span class=\"wpcf7-form-control-wrap\" data-name=\"tel\"><input size=\"40\" maxlength=\"400\" class=\"wpcf7-form-control wpcf7-text wpcf7-validates-as-required\" id=\"tel\" aria-required=\"true\" aria-invalid=\"false\" placeholder=\"Telefono*\" value=\"\" type=\"text\" name=\"tel\" \/><\/span>\n\t\t<\/p>\n\t<\/div>\n\t<div class=\"et_pb_column et_pb_column_1_2\">\n\t\t<p><span class=\"wpcf7-form-control-wrap\" data-name=\"your-email\"><input size=\"40\" maxlength=\"400\" class=\"wpcf7-form-control wpcf7-email wpcf7-validates-as-required wpcf7-text wpcf7-validates-as-email\" id=\"your-email\" aria-required=\"true\" aria-invalid=\"false\" placeholder=\"Email*\" value=\"\" type=\"email\" name=\"your-email\" \/><\/span>\n\t\t<\/p>\n\t<\/div>\n<\/div>\n<div class=\"et_pb_column et_pb_column_4_4\">\n\t<div class=\"et_pb_column et_pb_column_4_4\">\n\t\t<p><span class=\"wpcf7-form-control-wrap\" data-name=\"betreff\"><input size=\"40\" maxlength=\"400\" class=\"wpcf7-form-control wpcf7-text wpcf7-validates-as-required\" id=\"betreff\" aria-required=\"true\" aria-invalid=\"false\" placeholder=\"Soggetto*\" value=\"\" type=\"text\" name=\"betreff\" \/><\/span>\n\t\t<\/p>\n\t<\/div>\n<\/div>\n<div class=\"et_pb_column et_pb_column_4_4\">\n\t<div class=\"et_pb_column et_pb_column_4_4\">\n\t\t<p><span class=\"wpcf7-form-control-wrap\" data-name=\"messaggio\"><textarea cols=\"40\" rows=\"10\" maxlength=\"2000\" class=\"wpcf7-form-control wpcf7-textarea wpcf7-validates-as-required\" id=\"segnaposto\" aria-required=\"true\" aria-invalid=\"false\" name=\"messaggio\">Il tuo messaggio*<\/textarea><\/span>\n\t\t<\/p>\n\t<\/div>\n<\/div>\n<p><span id=\"wpcf7-69f63155daa9c-wrapper\" class=\"wpcf7-form-control-wrap message-wrap\" ><label for=\"wpcf7-69f63155daa9c-field\" class=\"hp-message\">Si prega di lasciare vuoto questo campo.<\/label><input id=\"wpcf7-69f63155daa9c-field\"  class=\"wpcf7-form-control wpcf7-text\" type=\"text\" name=\"message\" value=\"\" size=\"40\" tabindex=\"-1\" autocomplete=\"new-password\" \/><\/span>\n<\/p>\n<div class=\"et_pb_column et_pb_column_4_4\">\n\t<p><span class=\"wpcf7-form-control-wrap\" data-name=\"accept-this\"><span class=\"wpcf7-form-control wpcf7-acceptance\"><span class=\"wpcf7-list-item\"><input type=\"checkbox\" name=\"accept-this\" value=\"1\" aria-invalid=\"false\" \/><\/span><\/span><\/span> Ho letto e compreso l \u201c<a href=\"https:\/\/www.derbaugutachter.com\/it\/protezione-dei-dati\/\" title=\"\" target=\"_blank\">informativa sulla privacy<\/a>. Accetto che i miei dati vengano raccolti e conservati elettronicamente per rispondere alla mia richiesta. Puoi revocare il tuo consenso in qualsiasi momento per il futuro inviando un\u201d e-mail a <a href=\"mailto:info@derbaugutachter.com\" title=\"\">info@derbaugutachter.com.<\/a>\n\t<\/p>\n<\/div>\n<div class=\"et_pb_column et_pb_column_4_4\">\n\t<p><button type=\"submit\">Invia<\/button>\n\t<\/p>\n<\/div>\n<div class=\"wpcf7-response-output\" aria-hidden=\"true\"><\/div>\n<\/form>\n<\/div>\n\n<p>[\/et_pb_text][\/et_pb_column][et_pb_column type=&#8221;1_3&#8243; _builder_version=&#8221;4.27.4&#8243; _module_preset=&#8221;default&#8221; global_colors_info=&#8221;{}&#8221;][et_pb_blurb use_icon=&#8221;on&#8221; font_icon=&#8221;&#xe074;||divi||400&#8243; icon_color=&#8221;#FFFFFF&#8221; _builder_version=&#8221;4.27.4&#8243; _module_preset=&#8221;default&#8221; background_layout=&#8221;dark&#8221; global_colors_info=&#8221;{}&#8221;]<\/p>\n<p>Sachverst\u00e4ndigenb\u00fcro UG<br \/>Harald H\u00f6ller<br \/>Grabenstra\u00dfe 16<br \/>71254 Ditzingen<\/p>\n<p>[\/et_pb_blurb][et_pb_blurb use_icon=&#8221;on&#8221; font_icon=&#8221;&#xe074;||divi||400&#8243; icon_color=&#8221;#FFFFFF&#8221; _builder_version=&#8221;4.27.4&#8243; _module_preset=&#8221;default&#8221; background_layout=&#8221;dark&#8221; global_colors_info=&#8221;{}&#8221;]<\/p>\n<p>Telefono:<br \/><a href=\"tel:+4915150677756\">+49 151 50677756<\/a><\/p>\n<p>Email:<br \/><a href=\"mailto:info@derbaugutachter.com\">info@derbaugutachter.com<\/a><\/p>\n<p>[\/et_pb_blurb][\/et_pb_column][\/et_pb_row][\/et_pb_section]<\/p>\n","protected":false},"excerpt":{"rendered":"<p>Indipendente. Con esperienza. Affidabile. Il tuo perito edile Harald H\u00f6llerIndipendente. Con esperienza. Affidabile. Il tuo perito edile Harald H\u00f6llerIndipendente. Con esperienza. Affidabile. Il tuo perito edile Harald H\u00f6ller<div class=\"et_pb_module dsm_text_notation dsm_text_notation_0  et_pb_text_align_left et_pb_bg_layout_light\">\n\t\t\t\t\n\t\t\t\t\n\t\t\t\t\n\t\t\t\t\n\t\t\t\t\n\t\t\t\t\n\t\t\t\t<div class=\"et_pb_module_inner\">\n\t\t\t\t\t<h1 class=\"dsm-text-notation-main et_pb_module_header\"><span data-notation=\"[{&quot;type&quot;:&quot;underline&quot;,&quot;color&quot;:&quot;#0d59a5&quot;,&quot;stroke-width&quot;:&quot;1&quot;,&quot;iterations&quot;:&quot;2&quot;,&quot;brackets&quot;:&quot;left|right&quot;,&quot;viewport&quot;:&quot;80%&quot;,&quot;delay&quot;:&quot;0ms&quot;,&quot;divi-animate&quot;:&quot;none&quot;,&quot;divi-animate-duration&quot;:&quot;1000ms&quot;,&quot;divi-animate-delay&quot;:&quot;0ms&quot;}]\" class=\"dsm-text-notation-middle\">Contattaci<\/span><\/h1>\n\t\t\t\t<\/div>\n\t\t\t<\/div>Hai domande o hai bisogno del parere di un esperto?\n<div class=\"wpcf7 no-js\" id=\"wpcf7-f385-o2\" lang=\"it-IT\" dir=\"ltr\" data-wpcf7-id=\"385\">\n<div class=\"screen-reader-response\"><p role=\"status\" aria-live=\"polite\" aria-atomic=\"true\"><\/p> <ul><\/ul><\/div>\n<form action=\"\/it\/wp-json\/wp\/v2\/pages\/377#wpcf7-f385-o2\" method=\"post\" class=\"wpcf7-form init\" aria-label=\"Modulo di contatto\" novalidate=\"novalidate\" data-status=\"init\">\n<fieldset class=\"hidden-fields-container\"><input type=\"hidden\" name=\"_wpcf7\" value=\"385\" \/><input type=\"hidden\" name=\"_wpcf7_version\" value=\"6.1.4\" \/><input type=\"hidden\" name=\"_wpcf7_locale\" value=\"it_IT\" \/><input type=\"hidden\" name=\"_wpcf7_unit_tag\" value=\"wpcf7-f385-o2\" \/><input type=\"hidden\" name=\"_wpcf7_container_post\" value=\"0\" \/><input type=\"hidden\" name=\"_wpcf7_posted_data_hash\" value=\"\" \/>\n<\/fieldset>\n<div class=\"et_pb_column et_pb_column_4_4\">\n\t<div class=\"et_pb_column et_pb_column_4_4\">\n\t\t<p><span class=\"wpcf7-form-control-wrap\" data-name=\"your-name\"><input size=\"40\" maxlength=\"400\" class=\"wpcf7-form-control wpcf7-text wpcf7-validates-as-required\" aria-required=\"true\" aria-invalid=\"false\" placeholder=\"Azienda\/Nome*\" value=\"\" type=\"text\" name=\"your-name\" \/><\/span>\n\t\t<\/p>\n\t<\/div>\n<\/div>\n<div class=\"et_pb_column et_pb_column_4_4\">\n\t<div class=\"et_pb_column et_pb_column_1_2\">\n\t\t<p><span class=\"wpcf7-form-control-wrap\" data-name=\"tel\"><input size=\"40\" maxlength=\"400\" class=\"wpcf7-form-control wpcf7-text wpcf7-validates-as-required\" aria-required=\"true\" aria-invalid=\"false\" placeholder=\"Telefono*\" value=\"\" type=\"text\" name=\"tel\" \/><\/span>\n\t\t<\/p>\n\t<\/div>\n\t<div class=\"et_pb_column et_pb_column_1_2\">\n\t\t<p><span class=\"wpcf7-form-control-wrap\" data-name=\"your-email\"><input size=\"40\" maxlength=\"400\" class=\"wpcf7-form-control wpcf7-email wpcf7-validates-as-required wpcf7-text wpcf7-validates-as-email\" aria-required=\"true\" aria-invalid=\"false\" placeholder=\"Email*\" value=\"\" type=\"email\" name=\"your-email\" \/><\/span>\n\t\t<\/p>\n\t<\/div>\n<\/div>\n<div class=\"et_pb_column et_pb_column_4_4\">\n\t<div class=\"et_pb_column et_pb_column_4_4\">\n\t\t<p><span class=\"wpcf7-form-control-wrap\" data-name=\"betreff\"><input size=\"40\" maxlength=\"400\" class=\"wpcf7-form-control wpcf7-text wpcf7-validates-as-required\" aria-required=\"true\" aria-invalid=\"false\" placeholder=\"Soggetto*\" value=\"\" type=\"text\" name=\"betreff\" \/><\/span>\n\t\t<\/p>\n\t<\/div>\n<\/div>\n<div class=\"et_pb_column et_pb_column_4_4\">\n\t<div class=\"et_pb_column et_pb_column_4_4\">\n\t\t<p><span class=\"wpcf7-form-control-wrap\" data-name=\"messaggio\"><textarea cols=\"40\" rows=\"10\" maxlength=\"2000\" class=\"wpcf7-form-control wpcf7-textarea wpcf7-validates-as-required\" aria-required=\"true\" aria-invalid=\"false\" name=\"messaggio\">Il tuo messaggio*<\/textarea><\/span>\n\t\t<\/p>\n\t<\/div>\n<\/div>\n<p><span id=\"wpcf7-69f631572a387-wrapper\" class=\"wpcf7-form-control-wrap message-wrap\" ><label for=\"wpcf7-69f631572a387-field\" class=\"hp-message\">Si prega di lasciare vuoto questo campo.<\/label><input id=\"wpcf7-69f631572a387-field\"  class=\"wpcf7-form-control wpcf7-text\" type=\"text\" name=\"message\" value=\"\" size=\"40\" tabindex=\"-1\" autocomplete=\"new-password\" \/><\/span>\n<\/p>\n<div class=\"et_pb_column et_pb_column_4_4\">\n\t<p><span class=\"wpcf7-form-control-wrap\" data-name=\"accept-this\"><span class=\"wpcf7-form-control wpcf7-acceptance\"><span class=\"wpcf7-list-item\"><input type=\"checkbox\" name=\"accept-this\" value=\"1\" aria-invalid=\"false\" \/><\/span><\/span><\/span> Ho letto e compreso l \u201c<a href=\"https:\/\/www.derbaugutachter.com\/it\/protezione-dei-dati\/\" title=\"\" target=\"_blank\">informativa sulla privacy<\/a>. Accetto che i miei dati vengano raccolti e conservati elettronicamente per rispondere alla mia richiesta. Puoi revocare il tuo consenso in qualsiasi momento per il futuro inviando un\u201d e-mail a <a href=\"mailto:info@derbaugutachter.com\" title=\"\">info@derbaugutachter.com.<\/a>\n\t<\/p>\n<\/div>\n<div class=\"et_pb_column et_pb_column_4_4\">\n\t<p><button type=\"submit\">Invia<\/button>\n\t<\/p>\n<\/div>\n<div class=\"wpcf7-response-output\" aria-hidden=\"true\"><\/div>\n<\/form>\n<\/div>\nSachverst\u00e4ndigenb\u00fcro UGHarald H\u00f6llerGrabenstra\u00dfe 1671254 DitzingenTelefono:+49 151 50677756 Email:info@derbaugutachter.com<\/p>\n","protected":false},"author":1,"featured_media":0,"parent":0,"menu_order":0,"comment_status":"closed","ping_status":"closed","template":"","meta":{"_et_pb_use_builder":"on","_et_pb_old_content":"","_et_gb_content_width":"","footnotes":""},"class_list":["post-377","page","type-page","status-publish","hentry"],"yoast_head":"<!-- This site is optimized with the Yoast SEO plugin v26.9 - https:\/\/yoast.com\/product\/yoast-seo-wordpress\/ -->\n<title>Contattaci &#187; Baugutachter Harald H\u00f6ller<\/title>\n<meta name=\"description\" content=\"Contattaci &#187; Baugutachter Harald H\u00f6ller\" \/>\n<meta name=\"robots\" content=\"index, follow, max-snippet:-1, max-image-preview:large, max-video-preview:-1\" \/>\n<link rel=\"canonical\" href=\"https:\/\/www.derbaugutachter.com\/it\/contattaci\/\" \/>\n<meta property=\"og:locale\" content=\"it_IT\" \/>\n<meta property=\"og:type\" content=\"article\" \/>\n<meta property=\"og:title\" content=\"Contattaci &#187; Baugutachter Harald H\u00f6ller\" \/>\n<meta property=\"og:description\" content=\"Contattaci &#187; Baugutachter Harald H\u00f6ller\" \/>\n<meta property=\"og:url\" content=\"https:\/\/www.derbaugutachter.com\/it\/contattaci\/\" \/>\n<meta property=\"og:site_name\" content=\"Baugutachter Harald H\u00f6ller\" \/>\n<meta property=\"article:modified_time\" content=\"2025-05-26T07:55:50+00:00\" \/>\n<meta name=\"twitter:card\" content=\"summary_large_image\" \/>\n<meta name=\"twitter:label1\" content=\"Tempo di lettura stimato\" \/>\n\t<meta name=\"twitter:data1\" content=\"2 minuti\" \/>\n<script type=\"application\/ld+json\" class=\"yoast-schema-graph\">{\"@context\":\"https:\/\/schema.org\",\"@graph\":[{\"@type\":\"WebPage\",\"@id\":\"https:\/\/www.derbaugutachter.com\/it\/contattaci\/\",\"url\":\"https:\/\/www.derbaugutachter.com\/it\/contattaci\/\",\"name\":\"Contattaci &#187; Baugutachter Harald H\u00f6ller\",\"isPartOf\":{\"@id\":\"https:\/\/www.derbaugutachter.com\/it\/#website\"},\"datePublished\":\"2025-05-18T11:13:10+00:00\",\"dateModified\":\"2025-05-26T07:55:50+00:00\",\"description\":\"Contattaci &#187; Baugutachter Harald H\u00f6ller\",\"breadcrumb\":{\"@id\":\"https:\/\/www.derbaugutachter.com\/it\/contattaci\/#breadcrumb\"},\"inLanguage\":\"it-IT\",\"potentialAction\":[{\"@type\":\"ReadAction\",\"target\":[\"https:\/\/www.derbaugutachter.com\/it\/contattaci\/\"]}]},{\"@type\":\"BreadcrumbList\",\"@id\":\"https:\/\/www.derbaugutachter.com\/it\/contattaci\/#breadcrumb\",\"itemListElement\":[{\"@type\":\"ListItem\",\"position\":1,\"name\":\"Startseite\",\"item\":\"https:\/\/www.derbaugutachter.com\/it\/pagina-iniziale\/\"},{\"@type\":\"ListItem\",\"position\":2,\"name\":\"Contattaci\"}]},{\"@type\":\"WebSite\",\"@id\":\"https:\/\/www.derbaugutachter.com\/it\/#website\",\"url\":\"https:\/\/www.derbaugutachter.com\/it\/\",\"name\":\"Baugutachter Harald H\u00f6ller\",\"description\":\"\",\"publisher\":{\"@id\":\"https:\/\/www.derbaugutachter.com\/it\/#organization\"},\"potentialAction\":[{\"@type\":\"SearchAction\",\"target\":{\"@type\":\"EntryPoint\",\"urlTemplate\":\"https:\/\/www.derbaugutachter.com\/it\/?s={search_term_string}\"},\"query-input\":{\"@type\":\"PropertyValueSpecification\",\"valueRequired\":true,\"valueName\":\"search_term_string\"}}],\"inLanguage\":\"it-IT\"},{\"@type\":\"Organization\",\"@id\":\"https:\/\/www.derbaugutachter.com\/it\/#organization\",\"name\":\"Baugutachter Harald H\u00f6ller\",\"url\":\"https:\/\/www.derbaugutachter.com\/it\/\",\"logo\":{\"@type\":\"ImageObject\",\"inLanguage\":\"it-IT\",\"@id\":\"https:\/\/www.derbaugutachter.com\/it\/#\/schema\/logo\/image\/\",\"url\":\"https:\/\/www.derbaugutachter.com\/wp-content\/uploads\/2025\/05\/harald_hoeller_logo_250px.png\",\"contentUrl\":\"https:\/\/www.derbaugutachter.com\/wp-content\/uploads\/2025\/05\/harald_hoeller_logo_250px.png\",\"width\":491,\"height\":250,\"caption\":\"Baugutachter Harald H\u00f6ller\"},\"image\":{\"@id\":\"https:\/\/www.derbaugutachter.com\/it\/#\/schema\/logo\/image\/\"},\"sameAs\":[\"https:\/\/www.xing.com\/profile\/Harald_Hoeller074101\",\"https:\/\/www.linkedin.com\/in\/haraldhoeller24011976\",\"https:\/\/www.instagram.com\/derbaugutachterharald\",\"https:\/\/www.youtube.com\/@HaraldHller2401\"]}]}<\/script>\n<!-- \/ Yoast SEO plugin. -->","yoast_head_json":{"title":"Contattaci &#187; Baugutachter Harald H\u00f6ller","description":"Contattaci &#187; Baugutachter Harald H\u00f6ller","robots":{"index":"index","follow":"follow","max-snippet":"max-snippet:-1","max-image-preview":"max-image-preview:large","max-video-preview":"max-video-preview:-1"},"canonical":"https:\/\/www.derbaugutachter.com\/it\/contattaci\/","og_locale":"it_IT","og_type":"article","og_title":"Contattaci &#187; Baugutachter Harald H\u00f6ller","og_description":"Contattaci &#187; Baugutachter Harald H\u00f6ller","og_url":"https:\/\/www.derbaugutachter.com\/it\/contattaci\/","og_site_name":"Baugutachter Harald H\u00f6ller","article_modified_time":"2025-05-26T07:55:50+00:00","twitter_card":"summary_large_image","twitter_misc":{"Tempo di lettura stimato":"2 minuti"},"schema":{"@context":"https:\/\/schema.org","@graph":[{"@type":"WebPage","@id":"https:\/\/www.derbaugutachter.com\/it\/contattaci\/","url":"https:\/\/www.derbaugutachter.com\/it\/contattaci\/","name":"Contattaci &#187; Baugutachter Harald H\u00f6ller","isPartOf":{"@id":"https:\/\/www.derbaugutachter.com\/it\/#website"},"datePublished":"2025-05-18T11:13:10+00:00","dateModified":"2025-05-26T07:55:50+00:00","description":"Contattaci &#187; Baugutachter Harald H\u00f6ller","breadcrumb":{"@id":"https:\/\/www.derbaugutachter.com\/it\/contattaci\/#breadcrumb"},"inLanguage":"it-IT","potentialAction":[{"@type":"ReadAction","target":["https:\/\/www.derbaugutachter.com\/it\/contattaci\/"]}]},{"@type":"BreadcrumbList","@id":"https:\/\/www.derbaugutachter.com\/it\/contattaci\/#breadcrumb","itemListElement":[{"@type":"ListItem","position":1,"name":"Startseite","item":"https:\/\/www.derbaugutachter.com\/it\/pagina-iniziale\/"},{"@type":"ListItem","position":2,"name":"Contattaci"}]},{"@type":"WebSite","@id":"https:\/\/www.derbaugutachter.com\/it\/#website","url":"https:\/\/www.derbaugutachter.com\/it\/","name":"Baugutachter Harald H\u00f6ller","description":"","publisher":{"@id":"https:\/\/www.derbaugutachter.com\/it\/#organization"},"potentialAction":[{"@type":"SearchAction","target":{"@type":"EntryPoint","urlTemplate":"https:\/\/www.derbaugutachter.com\/it\/?s={search_term_string}"},"query-input":{"@type":"PropertyValueSpecification","valueRequired":true,"valueName":"search_term_string"}}],"inLanguage":"it-IT"},{"@type":"Organization","@id":"https:\/\/www.derbaugutachter.com\/it\/#organization","name":"Baugutachter Harald H\u00f6ller","url":"https:\/\/www.derbaugutachter.com\/it\/","logo":{"@type":"ImageObject","inLanguage":"it-IT","@id":"https:\/\/www.derbaugutachter.com\/it\/#\/schema\/logo\/image\/","url":"https:\/\/www.derbaugutachter.com\/wp-content\/uploads\/2025\/05\/harald_hoeller_logo_250px.png","contentUrl":"https:\/\/www.derbaugutachter.com\/wp-content\/uploads\/2025\/05\/harald_hoeller_logo_250px.png","width":491,"height":250,"caption":"Baugutachter Harald H\u00f6ller"},"image":{"@id":"https:\/\/www.derbaugutachter.com\/it\/#\/schema\/logo\/image\/"},"sameAs":["https:\/\/www.xing.com\/profile\/Harald_Hoeller074101","https:\/\/www.linkedin.com\/in\/haraldhoeller24011976","https:\/\/www.instagram.com\/derbaugutachterharald","https:\/\/www.youtube.com\/@HaraldHller2401"]}]}},"_links":{"self":[{"href":"https:\/\/www.derbaugutachter.com\/it\/wp-json\/wp\/v2\/pages\/377","targetHints":{"allow":["GET"]}}],"collection":[{"href":"https:\/\/www.derbaugutachter.com\/it\/wp-json\/wp\/v2\/pages"}],"about":[{"href":"https:\/\/www.derbaugutachter.com\/it\/wp-json\/wp\/v2\/types\/page"}],"author":[{"embeddable":true,"href":"https:\/\/www.derbaugutachter.com\/it\/wp-json\/wp\/v2\/users\/1"}],"replies":[{"embeddable":true,"href":"https:\/\/www.derbaugutachter.com\/it\/wp-json\/wp\/v2\/comments?post=377"}],"version-history":[{"count":2,"href":"https:\/\/www.derbaugutachter.com\/it\/wp-json\/wp\/v2\/pages\/377\/revisions"}],"predecessor-version":[{"id":379,"href":"https:\/\/www.derbaugutachter.com\/it\/wp-json\/wp\/v2\/pages\/377\/revisions\/379"}],"wp:attachment":[{"href":"https:\/\/www.derbaugutachter.com\/it\/wp-json\/wp\/v2\/media?parent=377"}],"curies":[{"name":"wp","href":"https:\/\/api.w.org\/{rel}","templated":true}]}}