{"id":370,"date":"2025-05-18T13:12:40","date_gmt":"2025-05-18T11:12:40","guid":{"rendered":"https:\/\/kunden.cayou-media.de\/hoeller\/riferimenti\/"},"modified":"2025-05-26T09:54:49","modified_gmt":"2025-05-26T07:54:49","slug":"riferimenti","status":"publish","type":"page","link":"https:\/\/www.derbaugutachter.com\/it\/riferimenti\/","title":{"rendered":"Riferimenti"},"content":{"rendered":"<p>[et_pb_section fb_built=&#8221;1&#8243; fullwidth=&#8221;on&#8221; _builder_version=&#8221;4.27.4&#8243; _module_preset=&#8221;default&#8221; global_module=&#8221;197&#8243; global_colors_info=&#8221;{}&#8221;][et_pb_fullwidth_slider show_pagination=&#8221;off&#8221; _builder_version=&#8221;4.27.4&#8243; _module_preset=&#8221;default&#8221; global_colors_info=&#8221;{}&#8221;][et_pb_slide _builder_version=&#8221;4.27.4&#8243; _module_preset=&#8221;default&#8221; background_color=&#8221;#0D59A5&#8243; background_enable_color=&#8221;on&#8221; background_image=&#8221;https:\/\/www.derbaugutachter.com\/wp-content\/uploads\/2025\/05\/harald_hoeller_slider_1.webp&#8221; background_enable_image=&#8221;on&#8221; parallax=&#8221;on&#8221; global_colors_info=&#8221;{}&#8221; sticky_transition=&#8221;on&#8221;]<\/p>\n<p><strong>Indipendente. Con esperienza. Affidabile.<\/strong><\/p>\n<p><em>Il tuo perito edile Harald H\u00f6ller<\/em><\/p>\n<p>[\/et_pb_slide][et_pb_slide _builder_version=&#8221;4.27.4&#8243; _module_preset=&#8221;default&#8221; background_color=&#8221;#0D59A5&#8243; background_enable_color=&#8221;on&#8221; background_image=&#8221;https:\/\/www.derbaugutachter.com\/wp-content\/uploads\/2025\/05\/harald_hoeller_slider_2.webp&#8221; background_enable_image=&#8221;on&#8221; parallax=&#8221;on&#8221; global_colors_info=&#8221;{}&#8221; sticky_transition=&#8221;on&#8221;]<\/p>\n<p><strong>Indipendente. Con esperienza. Affidabile.<\/strong><\/p>\n<p><em>Il tuo perito edile Harald H\u00f6ller<\/em><\/p>\n<p>[\/et_pb_slide][et_pb_slide _builder_version=&#8221;4.27.4&#8243; _module_preset=&#8221;default&#8221; background_color=&#8221;#0D59A5&#8243; background_enable_color=&#8221;on&#8221; background_image=&#8221;https:\/\/www.derbaugutachter.com\/wp-content\/uploads\/2025\/05\/harald_hoeller_slider_3.webp&#8221; background_enable_image=&#8221;on&#8221; parallax=&#8221;on&#8221; global_colors_info=&#8221;{}&#8221; sticky_transition=&#8221;on&#8221;]<\/p>\n<p><strong>Indipendente. Con esperienza. Affidabile.<\/strong><\/p>\n<p><em>Il tuo perito edile Harald H\u00f6ller<\/em><\/p>\n<p>[\/et_pb_slide][\/et_pb_fullwidth_slider][\/et_pb_section][et_pb_section fb_built=&#8221;1&#8243; _builder_version=&#8221;4.27.4&#8243; _module_preset=&#8221;default&#8221; global_colors_info=&#8221;{}&#8221;][et_pb_row _builder_version=&#8221;4.27.4&#8243; _module_preset=&#8221;default&#8221; global_colors_info=&#8221;{}&#8221;][et_pb_column type=&#8221;4_4&#8243; _builder_version=&#8221;4.27.4&#8243; _module_preset=&#8221;default&#8221; global_colors_info=&#8221;{}&#8221;][dsm_text_notation notation_text=&#8221;Oggetti di riferimento \/ esempi di progetto&#8221; _builder_version=&#8221;4.27.4&#8243; _module_preset=&#8221;default&#8221; text_orientation=&#8221;center&#8221; global_colors_info=&#8221;{}&#8221;][\/dsm_text_notation][et_pb_text _builder_version=&#8221;4.27.4&#8243; _module_preset=&#8221;default&#8221; text_orientation=&#8221;center&#8221; global_colors_info=&#8221;{}&#8221;]<\/p>\n<p><strong>La conoscenza di progetti reali crea fiducia.<\/strong> <br \/>Qui vengono presentati esempi tratti da perizie, ispezioni di edifici e analisi dei danni nella pratica quotidiana.<\/p>\n<p>[\/et_pb_text][et_pb_gallery gallery_ids=&#8221;328,329,330,331,332,333,334,335,336,337,338,339,340,341,342,343,344,346,345,347,348,349,350,351,352,353,354,355,356,357,358,360,359,361,362&#8243; posts_number=&#8221;100&#8243; show_title_and_caption=&#8221;off&#8221; _builder_version=&#8221;4.27.4&#8243; _module_preset=&#8221;default&#8221; box_shadow_style_image=&#8221;preset1&#8243; global_colors_info=&#8221;{}&#8221;][\/et_pb_gallery][\/et_pb_column][\/et_pb_row][\/et_pb_section][et_pb_section fb_built=&#8221;1&#8243; admin_label=&#8221;Leistungen + Kontakt&#8221; _builder_version=&#8221;4.27.4&#8243; _module_preset=&#8221;default&#8221; background_color=&#8221;#F2F2F2&#8243; global_colors_info=&#8221;{}&#8221; global_module=&#8221;289&#8243; theme_builder_area=&#8221;post_content&#8221;][et_pb_row column_structure=&#8221;1_2,1_2&#8243; _builder_version=&#8221;4.27.4&#8243; _module_preset=&#8221;default&#8221; global_colors_info=&#8221;{}&#8221; theme_builder_area=&#8221;post_content&#8221;][et_pb_column type=&#8221;1_2&#8243; _builder_version=&#8221;4.27.4&#8243; _module_preset=&#8221;default&#8221; global_colors_info=&#8221;{}&#8221; theme_builder_area=&#8221;post_content&#8221;][dsm_text_notation notation_text=&#8221;Servizi di esperti&#8221; heading_html_tag=&#8221;h2&#8243; _builder_version=&#8221;4.27.4&#8243; _module_preset=&#8221;default&#8221; text_orientation=&#8221;left&#8221; custom_margin=&#8221;||0px||false|false&#8221; custom_padding=&#8221;||12px||false|false&#8221; hover_enabled=&#8221;0&#8243; global_colors_info=&#8221;{}&#8221; theme_builder_area=&#8221;post_content&#8221; sticky_enabled=&#8221;0&#8243;][\/dsm_text_notation][et_pb_text _builder_version=&#8221;4.27.4&#8243; _module_preset=&#8221;default&#8221; global_colors_info=&#8221;{}&#8221; theme_builder_area=&#8221;post_content&#8221;]<\/p>\n<ul>\n<li>Opinione degli esperti<\/li>\n<li>Supervisione della costruzione<\/li>\n<li>Controllo qualit\u00e0<\/li>\n<li>Consulenza per la riorganizzazione<\/li>\n<li>Conservazione delle prove<\/li>\n<li>e molto altro ancora.<\/li>\n<\/ul>\n<p>[\/et_pb_text][\/et_pb_column][et_pb_column type=&#8221;1_2&#8243; _builder_version=&#8221;4.27.4&#8243; _module_preset=&#8221;default&#8221; global_colors_info=&#8221;{}&#8221; theme_builder_area=&#8221;post_content&#8221;][et_pb_blurb use_icon=&#8221;on&#8221; font_icon=&#8221;&#xe074;||divi||400&#8243; icon_color=&#8221;#FFFFFF&#8221; _builder_version=&#8221;4.27.4&#8243; _module_preset=&#8221;default&#8221; background_layout=&#8221;dark&#8221; global_colors_info=&#8221;{}&#8221; theme_builder_area=&#8221;post_content&#8221;]<\/p>\n<p>Sachverst\u00e4ndigenb\u00fcro UG<br \/>Harald H\u00f6ller<br \/>Grabenstra\u00dfe 16<br \/>71254 Ditzingen<\/p>\n<p>Telefono: <a href=\"tel:+4915150677756\">+49 151 50677756<\/a><br \/>Email: <a href=\"mailto:info@derbaugutachter.com\">info@derbaugutachter.com<\/a><\/p>\n<p>[\/et_pb_blurb][\/et_pb_column][\/et_pb_row][\/et_pb_section]<\/p>\n","protected":false},"excerpt":{"rendered":"<p>Indipendente. Con esperienza. Affidabile. Il tuo perito edile Harald H\u00f6llerIndipendente. Con esperienza. Affidabile. Il tuo perito edile Harald H\u00f6llerIndipendente. Con esperienza. Affidabile. Il tuo perito edile Harald H\u00f6ller<div class=\"et_pb_module dsm_text_notation dsm_text_notation_0  et_pb_text_align_center et_pb_bg_layout_light\">\n\t\t\t\t\n\t\t\t\t\n\t\t\t\t\n\t\t\t\t\n\t\t\t\t\n\t\t\t\t\n\t\t\t\t<div class=\"et_pb_module_inner\">\n\t\t\t\t\t<h1 class=\"dsm-text-notation-main et_pb_module_header\"><span data-notation=\"[{&quot;type&quot;:&quot;underline&quot;,&quot;color&quot;:&quot;#0d59a5&quot;,&quot;stroke-width&quot;:&quot;1&quot;,&quot;iterations&quot;:&quot;2&quot;,&quot;brackets&quot;:&quot;left|right&quot;,&quot;viewport&quot;:&quot;80%&quot;,&quot;delay&quot;:&quot;0ms&quot;,&quot;divi-animate&quot;:&quot;none&quot;,&quot;divi-animate-duration&quot;:&quot;1000ms&quot;,&quot;divi-animate-delay&quot;:&quot;0ms&quot;}]\" class=\"dsm-text-notation-middle\">Oggetti di riferimento \/ esempi di progetto<\/span><\/h1>\n\t\t\t\t<\/div>\n\t\t\t<\/div>La conoscenza di progetti reali crea fiducia. Qui vengono presentati esempi tratti da perizie, ispezioni di edifici e analisi dei danni nella pratica quotidiana.<div class=\"et_pb_module dsm_text_notation dsm_text_notation_1  et_pb_text_align_left et_pb_bg_layout_light\">\n\t\t\t\t\n\t\t\t\t\n\t\t\t\t\n\t\t\t\t\n\t\t\t\t\n\t\t\t\t\n\t\t\t\t<div class=\"et_pb_module_inner\">\n\t\t\t\t\t<h2 class=\"dsm-text-notation-main et_pb_module_header\"><span data-notation=\"[{&quot;type&quot;:&quot;underline&quot;,&quot;color&quot;:&quot;#0d59a5&quot;,&quot;stroke-width&quot;:&quot;1&quot;,&quot;iterations&quot;:&quot;2&quot;,&quot;brackets&quot;:&quot;left|right&quot;,&quot;viewport&quot;:&quot;80%&quot;,&quot;delay&quot;:&quot;0ms&quot;,&quot;divi-animate&quot;:&quot;none&quot;,&quot;divi-animate-duration&quot;:&quot;1000ms&quot;,&quot;divi-animate-delay&quot;:&quot;0ms&quot;}]\" class=\"dsm-text-notation-middle\">Servizi di esperti<\/span><\/h2>\n\t\t\t\t<\/div>\n\t\t\t<\/div> Opinione degli esperti Supervisione della costruzione Controllo qualit\u00e0 Consulenza per la riorganizzazione Conservazione delle prove e molto altro ancora. Sachverst\u00e4ndigenb\u00fcro UGHarald H\u00f6llerGrabenstra\u00dfe 1671254 Ditzingen Telefono: +49 151 50677756Email: info@derbaugutachter.com<\/p>\n","protected":false},"author":1,"featured_media":0,"parent":0,"menu_order":0,"comment_status":"closed","ping_status":"closed","template":"","meta":{"_et_pb_use_builder":"on","_et_pb_old_content":"","_et_gb_content_width":"","footnotes":""},"class_list":["post-370","page","type-page","status-publish","hentry"],"yoast_head":"<!-- This site is optimized with the Yoast SEO plugin v26.9 - https:\/\/yoast.com\/product\/yoast-seo-wordpress\/ -->\n<title>Riferimenti &#187; Baugutachter Harald H\u00f6ller<\/title>\n<meta name=\"description\" content=\"Riferimenti &#187; Baugutachter Harald H\u00f6ller\" \/>\n<meta name=\"robots\" content=\"index, follow, max-snippet:-1, max-image-preview:large, max-video-preview:-1\" \/>\n<link rel=\"canonical\" href=\"https:\/\/www.derbaugutachter.com\/it\/riferimenti\/\" \/>\n<meta property=\"og:locale\" content=\"it_IT\" \/>\n<meta property=\"og:type\" content=\"article\" \/>\n<meta property=\"og:title\" content=\"Riferimenti &#187; Baugutachter Harald H\u00f6ller\" \/>\n<meta property=\"og:description\" content=\"Riferimenti &#187; Baugutachter Harald H\u00f6ller\" \/>\n<meta property=\"og:url\" content=\"https:\/\/www.derbaugutachter.com\/it\/riferimenti\/\" \/>\n<meta property=\"og:site_name\" content=\"Baugutachter Harald H\u00f6ller\" \/>\n<meta property=\"article:modified_time\" content=\"2025-05-26T07:54:49+00:00\" \/>\n<meta name=\"twitter:card\" content=\"summary_large_image\" \/>\n<meta name=\"twitter:label1\" content=\"Tempo di lettura stimato\" \/>\n\t<meta name=\"twitter:data1\" content=\"3 minuti\" \/>\n<script type=\"application\/ld+json\" class=\"yoast-schema-graph\">{\"@context\":\"https:\/\/schema.org\",\"@graph\":[{\"@type\":\"WebPage\",\"@id\":\"https:\/\/www.derbaugutachter.com\/it\/riferimenti\/\",\"url\":\"https:\/\/www.derbaugutachter.com\/it\/riferimenti\/\",\"name\":\"Riferimenti &#187; Baugutachter Harald H\u00f6ller\",\"isPartOf\":{\"@id\":\"https:\/\/www.derbaugutachter.com\/it\/#website\"},\"datePublished\":\"2025-05-18T11:12:40+00:00\",\"dateModified\":\"2025-05-26T07:54:49+00:00\",\"description\":\"Riferimenti &#187; Baugutachter Harald H\u00f6ller\",\"breadcrumb\":{\"@id\":\"https:\/\/www.derbaugutachter.com\/it\/riferimenti\/#breadcrumb\"},\"inLanguage\":\"it-IT\",\"potentialAction\":[{\"@type\":\"ReadAction\",\"target\":[\"https:\/\/www.derbaugutachter.com\/it\/riferimenti\/\"]}]},{\"@type\":\"BreadcrumbList\",\"@id\":\"https:\/\/www.derbaugutachter.com\/it\/riferimenti\/#breadcrumb\",\"itemListElement\":[{\"@type\":\"ListItem\",\"position\":1,\"name\":\"Startseite\",\"item\":\"https:\/\/www.derbaugutachter.com\/it\/pagina-iniziale\/\"},{\"@type\":\"ListItem\",\"position\":2,\"name\":\"Riferimenti\"}]},{\"@type\":\"WebSite\",\"@id\":\"https:\/\/www.derbaugutachter.com\/it\/#website\",\"url\":\"https:\/\/www.derbaugutachter.com\/it\/\",\"name\":\"Baugutachter Harald H\u00f6ller\",\"description\":\"\",\"publisher\":{\"@id\":\"https:\/\/www.derbaugutachter.com\/it\/#organization\"},\"potentialAction\":[{\"@type\":\"SearchAction\",\"target\":{\"@type\":\"EntryPoint\",\"urlTemplate\":\"https:\/\/www.derbaugutachter.com\/it\/?s={search_term_string}\"},\"query-input\":{\"@type\":\"PropertyValueSpecification\",\"valueRequired\":true,\"valueName\":\"search_term_string\"}}],\"inLanguage\":\"it-IT\"},{\"@type\":\"Organization\",\"@id\":\"https:\/\/www.derbaugutachter.com\/it\/#organization\",\"name\":\"Baugutachter Harald H\u00f6ller\",\"url\":\"https:\/\/www.derbaugutachter.com\/it\/\",\"logo\":{\"@type\":\"ImageObject\",\"inLanguage\":\"it-IT\",\"@id\":\"https:\/\/www.derbaugutachter.com\/it\/#\/schema\/logo\/image\/\",\"url\":\"https:\/\/www.derbaugutachter.com\/wp-content\/uploads\/2025\/05\/harald_hoeller_logo_250px.png\",\"contentUrl\":\"https:\/\/www.derbaugutachter.com\/wp-content\/uploads\/2025\/05\/harald_hoeller_logo_250px.png\",\"width\":491,\"height\":250,\"caption\":\"Baugutachter Harald H\u00f6ller\"},\"image\":{\"@id\":\"https:\/\/www.derbaugutachter.com\/it\/#\/schema\/logo\/image\/\"},\"sameAs\":[\"https:\/\/www.xing.com\/profile\/Harald_Hoeller074101\",\"https:\/\/www.linkedin.com\/in\/haraldhoeller24011976\",\"https:\/\/www.instagram.com\/derbaugutachterharald\",\"https:\/\/www.youtube.com\/@HaraldHller2401\"]}]}<\/script>\n<!-- \/ Yoast SEO plugin. -->","yoast_head_json":{"title":"Riferimenti &#187; Baugutachter Harald H\u00f6ller","description":"Riferimenti &#187; Baugutachter Harald H\u00f6ller","robots":{"index":"index","follow":"follow","max-snippet":"max-snippet:-1","max-image-preview":"max-image-preview:large","max-video-preview":"max-video-preview:-1"},"canonical":"https:\/\/www.derbaugutachter.com\/it\/riferimenti\/","og_locale":"it_IT","og_type":"article","og_title":"Riferimenti &#187; Baugutachter Harald H\u00f6ller","og_description":"Riferimenti &#187; Baugutachter Harald H\u00f6ller","og_url":"https:\/\/www.derbaugutachter.com\/it\/riferimenti\/","og_site_name":"Baugutachter Harald H\u00f6ller","article_modified_time":"2025-05-26T07:54:49+00:00","twitter_card":"summary_large_image","twitter_misc":{"Tempo di lettura stimato":"3 minuti"},"schema":{"@context":"https:\/\/schema.org","@graph":[{"@type":"WebPage","@id":"https:\/\/www.derbaugutachter.com\/it\/riferimenti\/","url":"https:\/\/www.derbaugutachter.com\/it\/riferimenti\/","name":"Riferimenti &#187; Baugutachter Harald H\u00f6ller","isPartOf":{"@id":"https:\/\/www.derbaugutachter.com\/it\/#website"},"datePublished":"2025-05-18T11:12:40+00:00","dateModified":"2025-05-26T07:54:49+00:00","description":"Riferimenti &#187; Baugutachter Harald H\u00f6ller","breadcrumb":{"@id":"https:\/\/www.derbaugutachter.com\/it\/riferimenti\/#breadcrumb"},"inLanguage":"it-IT","potentialAction":[{"@type":"ReadAction","target":["https:\/\/www.derbaugutachter.com\/it\/riferimenti\/"]}]},{"@type":"BreadcrumbList","@id":"https:\/\/www.derbaugutachter.com\/it\/riferimenti\/#breadcrumb","itemListElement":[{"@type":"ListItem","position":1,"name":"Startseite","item":"https:\/\/www.derbaugutachter.com\/it\/pagina-iniziale\/"},{"@type":"ListItem","position":2,"name":"Riferimenti"}]},{"@type":"WebSite","@id":"https:\/\/www.derbaugutachter.com\/it\/#website","url":"https:\/\/www.derbaugutachter.com\/it\/","name":"Baugutachter Harald H\u00f6ller","description":"","publisher":{"@id":"https:\/\/www.derbaugutachter.com\/it\/#organization"},"potentialAction":[{"@type":"SearchAction","target":{"@type":"EntryPoint","urlTemplate":"https:\/\/www.derbaugutachter.com\/it\/?s={search_term_string}"},"query-input":{"@type":"PropertyValueSpecification","valueRequired":true,"valueName":"search_term_string"}}],"inLanguage":"it-IT"},{"@type":"Organization","@id":"https:\/\/www.derbaugutachter.com\/it\/#organization","name":"Baugutachter Harald H\u00f6ller","url":"https:\/\/www.derbaugutachter.com\/it\/","logo":{"@type":"ImageObject","inLanguage":"it-IT","@id":"https:\/\/www.derbaugutachter.com\/it\/#\/schema\/logo\/image\/","url":"https:\/\/www.derbaugutachter.com\/wp-content\/uploads\/2025\/05\/harald_hoeller_logo_250px.png","contentUrl":"https:\/\/www.derbaugutachter.com\/wp-content\/uploads\/2025\/05\/harald_hoeller_logo_250px.png","width":491,"height":250,"caption":"Baugutachter Harald H\u00f6ller"},"image":{"@id":"https:\/\/www.derbaugutachter.com\/it\/#\/schema\/logo\/image\/"},"sameAs":["https:\/\/www.xing.com\/profile\/Harald_Hoeller074101","https:\/\/www.linkedin.com\/in\/haraldhoeller24011976","https:\/\/www.instagram.com\/derbaugutachterharald","https:\/\/www.youtube.com\/@HaraldHller2401"]}]}},"_links":{"self":[{"href":"https:\/\/www.derbaugutachter.com\/it\/wp-json\/wp\/v2\/pages\/370","targetHints":{"allow":["GET"]}}],"collection":[{"href":"https:\/\/www.derbaugutachter.com\/it\/wp-json\/wp\/v2\/pages"}],"about":[{"href":"https:\/\/www.derbaugutachter.com\/it\/wp-json\/wp\/v2\/types\/page"}],"author":[{"embeddable":true,"href":"https:\/\/www.derbaugutachter.com\/it\/wp-json\/wp\/v2\/users\/1"}],"replies":[{"embeddable":true,"href":"https:\/\/www.derbaugutachter.com\/it\/wp-json\/wp\/v2\/comments?post=370"}],"version-history":[{"count":3,"href":"https:\/\/www.derbaugutachter.com\/it\/wp-json\/wp\/v2\/pages\/370\/revisions"}],"predecessor-version":[{"id":373,"href":"https:\/\/www.derbaugutachter.com\/it\/wp-json\/wp\/v2\/pages\/370\/revisions\/373"}],"wp:attachment":[{"href":"https:\/\/www.derbaugutachter.com\/it\/wp-json\/wp\/v2\/media?parent=370"}],"curies":[{"name":"wp","href":"https:\/\/api.w.org\/{rel}","templated":true}]}}