{"id":367,"date":"2025-05-18T13:12:11","date_gmt":"2025-05-18T11:12:11","guid":{"rendered":"https:\/\/kunden.cayou-media.de\/hoeller\/su-di-me\/"},"modified":"2025-07-30T16:03:55","modified_gmt":"2025-07-30T14:03:55","slug":"su-di-me","status":"publish","type":"page","link":"https:\/\/www.derbaugutachter.com\/it\/su-di-me\/","title":{"rendered":"Su di me"},"content":{"rendered":"[et_pb_section fb_built=&#8221;1&#8243; fullwidth=&#8221;on&#8221; _builder_version=&#8221;4.27.4&#8243; _module_preset=&#8221;default&#8221; global_module=&#8221;197&#8243; saved_tabs=&#8221;all&#8221; global_colors_info=&#8221;{}&#8221;][et_pb_fullwidth_slider show_pagination=&#8221;off&#8221; _builder_version=&#8221;4.27.4&#8243; _module_preset=&#8221;default&#8221; global_colors_info=&#8221;{}&#8221;][et_pb_slide _builder_version=&#8221;4.27.4&#8243; _module_preset=&#8221;default&#8221; background_color=&#8221;#0D59A5&#8243; background_enable_color=&#8221;on&#8221; background_image=&#8221;https:\/\/www.derbaugutachter.com\/wp-content\/uploads\/2025\/05\/harald_hoeller_slider_1.webp&#8221; background_enable_image=&#8221;on&#8221; parallax=&#8221;on&#8221; global_colors_info=&#8221;{}&#8221; sticky_transition=&#8221;on&#8221;]<p><strong>Indipendente. Con esperienza. Affidabile.<\/strong><\/p>\n<p><em>Il tuo perito edile Harald H\u00f6ller<\/em><\/p>[\/et_pb_slide][et_pb_slide _builder_version=&#8221;4.27.4&#8243; _module_preset=&#8221;default&#8221; background_color=&#8221;#0D59A5&#8243; background_enable_color=&#8221;on&#8221; background_image=&#8221;https:\/\/www.derbaugutachter.com\/wp-content\/uploads\/2025\/05\/harald_hoeller_slider_2.webp&#8221; background_enable_image=&#8221;on&#8221; parallax=&#8221;on&#8221; global_colors_info=&#8221;{}&#8221; sticky_transition=&#8221;on&#8221;]<p><strong>Indipendente. Con esperienza. Affidabile.<\/strong><\/p>\n<p><em>Il tuo perito edile Harald H\u00f6ller<\/em><\/p>[\/et_pb_slide][et_pb_slide _builder_version=&#8221;4.27.4&#8243; _module_preset=&#8221;default&#8221; background_color=&#8221;#0D59A5&#8243; background_enable_color=&#8221;on&#8221; background_image=&#8221;https:\/\/www.derbaugutachter.com\/wp-content\/uploads\/2025\/05\/harald_hoeller_slider_3.webp&#8221; background_enable_image=&#8221;on&#8221; parallax=&#8221;on&#8221; global_colors_info=&#8221;{}&#8221; sticky_transition=&#8221;on&#8221;]<p><strong>Indipendente. Con esperienza. Affidabile.<\/strong><\/p>\n<p><em>Il tuo perito edile Harald H\u00f6ller<\/em><\/p>[\/et_pb_slide][\/et_pb_fullwidth_slider][\/et_pb_section][et_pb_section fb_built=&#8221;1&#8243; admin_label=&#8221;\u00dcber mich&#8221; _builder_version=&#8221;4.27.4&#8243; global_colors_info=&#8221;{}&#8221;][et_pb_row admin_label=&#8221;fila&#8221; _builder_version=&#8221;4.27.4&#8243; background_size=&#8221;initial&#8221; background_position=&#8221;top_left&#8221; background_repeat=&#8221;repeat&#8221; custom_margin=&#8221;||0px||false|false&#8221; custom_padding=&#8221;||0px||false|false&#8221; global_colors_info=&#8221;{}&#8221;][et_pb_column type=&#8221;4_4&#8243; _builder_version=&#8221;4.16&#8243; custom_padding=&#8221;|||&#8221; global_colors_info=&#8221;{}&#8221; custom_padding__hover=&#8221;|||&#8221;][dsm_text_notation notation_text=&#8221;Il tuo perito Harald H\u00f6ller&#8221; _builder_version=&#8221;4.27.4&#8243; _module_preset=&#8221;default&#8221; global_colors_info=&#8221;{}&#8221;][\/dsm_text_notation][\/et_pb_column][\/et_pb_row][et_pb_row column_structure=&#8221;3_4,1_4&#8243; admin_label=&#8221;fila&#8221; _builder_version=&#8221;4.16&#8243; background_size=&#8221;initial&#8221; background_position=&#8221;top_left&#8221; background_repeat=&#8221;repeat&#8221; global_colors_info=&#8221;{}&#8221;][et_pb_column type=&#8221;3_4&#8243; _builder_version=&#8221;4.16&#8243; custom_padding=&#8221;|||&#8221; global_colors_info=&#8221;{}&#8221; custom_padding__hover=&#8221;|||&#8221;][et_pb_text admin_label=&#8221;Text&#8221; _builder_version=&#8221;4.27.4&#8243; background_size=&#8221;initial&#8221; background_position=&#8221;top_left&#8221; background_repeat=&#8221;repeat&#8221; global_colors_info=&#8221;{}&#8221;]<p>Mi chiamo <strong>Harald H\u00f6ller<\/strong> &#8211; sono un carpentiere qualificato e titolare di uno <strong>studio di periti<\/strong> specializzato in costruzioni in legno, case prefabbricate, danni agli edifici e lavori edili.<\/p>\n<p>La mia carriera professionale \u00e8 iniziata con una formazione approfondita come falegname in Alto Adige. L\u00ec non solo ho imparato il mestiere tradizionale da zero, ma ho anche sviluppato una passione per la costruzione sostenibile e precisa. Ho poi acquisito una preziosa esperienza in Svizzera &#8211; un paese noto per i pi\u00f9 alti standard nel settore delle costruzioni &#8211; e successivamente in numerosi cantieri in Germania.<\/p>\n<p>Dopo diversi anni di lavoro in cantiere, sono passato alla gestione di un&#8217;azienda di case prefabbricate. Qui ero responsabile del <strong>coordinamento e della realizzazione di un&#8217;ampia gamma di progetti edilizi<\/strong>, dalla pianificazione alla consegna.<\/p>\n<p>Questa vasta conoscenza pratica costituisce la base del mio lavoro di esperto oggi. So cosa conta davvero in cantiere e cosa deve essere preso in considerazione quando si prendono decisioni. Che si tratti di difetti di costruzione, qualit\u00e0 dell&#8217;edificio o valutazione dei danni: il mio obiettivo \u00e8 produrre <strong>relazioni esperte, comprensibili e pratiche<\/strong>.<\/p>\n<p>Sono sinonimo di <strong>comunicazione chiara, obiettivit\u00e0 e competenza<\/strong>, in modo che tu possa basarti su una valutazione affidabile.<\/p>\n<p><\/p>[\/et_pb_text][\/et_pb_column][et_pb_column type=&#8221;1_4&#8243; _builder_version=&#8221;4.16&#8243; custom_padding=&#8221;|||&#8221; global_colors_info=&#8221;{}&#8221; custom_padding__hover=&#8221;|||&#8221;][et_pb_image src=&#8221;https:\/\/www.derbaugutachter.com\/wp-content\/uploads\/2025\/07\/harald_hoeller_portraet.webp&#8221; alt=&#8221;Harald Hoeller Geometra edile&#8221; title_text=&#8221;harald_hoeller_ritratto&#8221; _builder_version=&#8221;4.27.4&#8243; _module_preset=&#8221;default&#8221; animation_style=&#8221;fade&#8221; hover_enabled=&#8221;0&#8243; box_shadow_style=&#8221;preset2&#8243; global_colors_info=&#8221;{}&#8221; sticky_enabled=&#8221;0&#8243;][\/et_pb_image][\/et_pb_column][\/et_pb_row][\/et_pb_section][et_pb_section fb_built=&#8221;1&#8243; admin_label=&#8221;Leistungen + Kontakt&#8221; _builder_version=&#8221;4.27.4&#8243; _module_preset=&#8221;default&#8221; background_color=&#8221;#F2F2F2&#8243; global_module=&#8221;289&#8243; saved_tabs=&#8221;all&#8221; global_colors_info=&#8221;{}&#8221;][et_pb_row column_structure=&#8221;1_2,1_2&#8243; _builder_version=&#8221;4.27.4&#8243; _module_preset=&#8221;default&#8221; global_colors_info=&#8221;{}&#8221;][et_pb_column type=&#8221;1_2&#8243; _builder_version=&#8221;4.27.4&#8243; _module_preset=&#8221;default&#8221; global_colors_info=&#8221;{}&#8221;][dsm_text_notation notation_text=&#8221;Servizi di esperti&#8221; heading_html_tag=&#8221;h2&#8243; _builder_version=&#8221;4.27.4&#8243; _module_preset=&#8221;default&#8221; text_orientation=&#8221;left&#8221; custom_margin=&#8221;||0px||false|false&#8221; custom_padding=&#8221;||12px||false|false&#8221; global_colors_info=&#8221;{}&#8221;][\/dsm_text_notation][et_pb_text _builder_version=&#8221;4.27.4&#8243; _module_preset=&#8221;default&#8221; global_colors_info=&#8221;{}&#8221;]<ul>\n<li>Opinione degli esperti<\/li>\n<li>Supervisione della costruzione<\/li>\n<li>Controllo qualit\u00e0<\/li>\n<li>Consulenza per la riorganizzazione<\/li>\n<li>Conservazione delle prove<\/li>\n<li>e molto altro ancora.<\/li>\n<\/ul>[\/et_pb_text][\/et_pb_column][et_pb_column type=&#8221;1_2&#8243; _builder_version=&#8221;4.27.4&#8243; _module_preset=&#8221;default&#8221; global_colors_info=&#8221;{}&#8221;][et_pb_blurb use_icon=&#8221;on&#8221; font_icon=&#8221;&#xe074;||divi||400&#8243; icon_color=&#8221;#FFFFFF&#8221; _builder_version=&#8221;4.27.4&#8243; _module_preset=&#8221;default&#8221; background_layout=&#8221;dark&#8221; global_colors_info=&#8221;{}&#8221;]<p>Sachverst\u00e4ndigenb\u00fcro UG<br>Harald H\u00f6ller<br>Grabenstra\u00dfe 16<br>71254 Ditzingen<\/p>\n<p>Telefono: <a href=\"tel:+4915150677756\">+49 151 50677756<\/a><br>Email: <a href=\"mailto:info@derbaugutachter.com\">info@derbaugutachter.com<\/a><\/p>[\/et_pb_blurb][\/et_pb_column][\/et_pb_row][\/et_pb_section]<!-- \/wp:post-content -->","protected":false},"excerpt":{"rendered":"<p>Indipendente. Con esperienza. Affidabile. Il tuo perito edile Harald H\u00f6llerIndipendente. Con esperienza. Affidabile. Il tuo perito edile Harald H\u00f6llerIndipendente. Con esperienza. Affidabile. Il tuo perito edile Harald H\u00f6ller<div class=\"et_pb_module dsm_text_notation dsm_text_notation_0  et_pb_bg_layout_light\">\n\t\t\t\t\n\t\t\t\t\n\t\t\t\t\n\t\t\t\t\n\t\t\t\t\n\t\t\t\t\n\t\t\t\t<div class=\"et_pb_module_inner\">\n\t\t\t\t\t<h1 class=\"dsm-text-notation-main et_pb_module_header\"><span data-notation=\"[{&quot;type&quot;:&quot;underline&quot;,&quot;color&quot;:&quot;#0d59a5&quot;,&quot;stroke-width&quot;:&quot;1&quot;,&quot;iterations&quot;:&quot;2&quot;,&quot;brackets&quot;:&quot;left|right&quot;,&quot;viewport&quot;:&quot;80%&quot;,&quot;delay&quot;:&quot;0ms&quot;,&quot;divi-animate&quot;:&quot;none&quot;,&quot;divi-animate-duration&quot;:&quot;1000ms&quot;,&quot;divi-animate-delay&quot;:&quot;0ms&quot;}]\" class=\"dsm-text-notation-middle\">Il tuo perito Harald H\u00f6ller<\/span><\/h1>\n\t\t\t\t<\/div>\n\t\t\t<\/div>Mi chiamo Harald H\u00f6ller &#8211; sono un carpentiere qualificato e titolare di uno studio di periti specializzato in costruzioni in legno, case prefabbricate, danni agli edifici e lavori edili. La mia carriera professionale \u00e8 iniziata con una formazione approfondita come falegname in Alto Adige. L\u00ec non solo ho imparato il mestiere tradizionale da zero, ma ho anche sviluppato una passione per la costruzione sostenibile e precisa. Ho poi acquisito una preziosa esperienza in Svizzera &#8211; un paese noto per i pi\u00f9 alti standard nel settore delle costruzioni &#8211; e successivamente in numerosi cantieri in Germania. Dopo diversi anni di lavoro in cantiere, sono passato alla gestione di un&#8217;azienda di case prefabbricate. Qui ero responsabile del coordinamento e della realizzazione di un&#8217;ampia gamma di progetti edilizi, dalla pianificazione alla consegna. Questa vasta conoscenza pratica costituisce la base del mio lavoro di esperto oggi. So cosa conta davvero in cantiere e cosa deve essere preso in considerazione quando si prendono decisioni. Che si tratti di difetti di [&hellip;]<\/p>\n","protected":false},"author":1,"featured_media":0,"parent":0,"menu_order":0,"comment_status":"closed","ping_status":"closed","template":"","meta":{"_et_pb_use_builder":"on","_et_pb_old_content":"","_et_gb_content_width":"","footnotes":""},"class_list":["post-367","page","type-page","status-publish","hentry"],"yoast_head":"<!-- This site is optimized with the Yoast SEO plugin v26.9 - https:\/\/yoast.com\/product\/yoast-seo-wordpress\/ -->\n<title>Su di me &#187; Baugutachter Harald H\u00f6ller<\/title>\n<meta name=\"description\" content=\"Su di me &#187; Baugutachter Harald H\u00f6ller\" \/>\n<meta name=\"robots\" content=\"index, follow, max-snippet:-1, max-image-preview:large, max-video-preview:-1\" \/>\n<link rel=\"canonical\" href=\"https:\/\/www.derbaugutachter.com\/it\/su-di-me\/\" \/>\n<meta property=\"og:locale\" content=\"it_IT\" \/>\n<meta property=\"og:type\" content=\"article\" \/>\n<meta property=\"og:title\" content=\"Su di me &#187; Baugutachter Harald H\u00f6ller\" \/>\n<meta property=\"og:description\" content=\"Su di me &#187; Baugutachter Harald H\u00f6ller\" \/>\n<meta property=\"og:url\" content=\"https:\/\/www.derbaugutachter.com\/it\/su-di-me\/\" \/>\n<meta property=\"og:site_name\" content=\"Baugutachter Harald H\u00f6ller\" \/>\n<meta property=\"article:modified_time\" content=\"2025-07-30T14:03:55+00:00\" \/>\n<meta name=\"twitter:card\" content=\"summary_large_image\" \/>\n<meta name=\"twitter:label1\" content=\"Tempo di lettura stimato\" \/>\n\t<meta name=\"twitter:data1\" content=\"4 minuti\" \/>\n<script type=\"application\/ld+json\" class=\"yoast-schema-graph\">{\"@context\":\"https:\/\/schema.org\",\"@graph\":[{\"@type\":\"WebPage\",\"@id\":\"https:\/\/www.derbaugutachter.com\/it\/su-di-me\/\",\"url\":\"https:\/\/www.derbaugutachter.com\/it\/su-di-me\/\",\"name\":\"Su di me &#187; Baugutachter Harald H\u00f6ller\",\"isPartOf\":{\"@id\":\"https:\/\/www.derbaugutachter.com\/it\/#website\"},\"datePublished\":\"2025-05-18T11:12:11+00:00\",\"dateModified\":\"2025-07-30T14:03:55+00:00\",\"description\":\"Su di me &#187; Baugutachter Harald H\u00f6ller\",\"breadcrumb\":{\"@id\":\"https:\/\/www.derbaugutachter.com\/it\/su-di-me\/#breadcrumb\"},\"inLanguage\":\"it-IT\",\"potentialAction\":[{\"@type\":\"ReadAction\",\"target\":[\"https:\/\/www.derbaugutachter.com\/it\/su-di-me\/\"]}]},{\"@type\":\"BreadcrumbList\",\"@id\":\"https:\/\/www.derbaugutachter.com\/it\/su-di-me\/#breadcrumb\",\"itemListElement\":[{\"@type\":\"ListItem\",\"position\":1,\"name\":\"Startseite\",\"item\":\"https:\/\/www.derbaugutachter.com\/it\/pagina-iniziale\/\"},{\"@type\":\"ListItem\",\"position\":2,\"name\":\"Su di me\"}]},{\"@type\":\"WebSite\",\"@id\":\"https:\/\/www.derbaugutachter.com\/it\/#website\",\"url\":\"https:\/\/www.derbaugutachter.com\/it\/\",\"name\":\"Baugutachter Harald H\u00f6ller\",\"description\":\"\",\"publisher\":{\"@id\":\"https:\/\/www.derbaugutachter.com\/it\/#organization\"},\"potentialAction\":[{\"@type\":\"SearchAction\",\"target\":{\"@type\":\"EntryPoint\",\"urlTemplate\":\"https:\/\/www.derbaugutachter.com\/it\/?s={search_term_string}\"},\"query-input\":{\"@type\":\"PropertyValueSpecification\",\"valueRequired\":true,\"valueName\":\"search_term_string\"}}],\"inLanguage\":\"it-IT\"},{\"@type\":\"Organization\",\"@id\":\"https:\/\/www.derbaugutachter.com\/it\/#organization\",\"name\":\"Baugutachter Harald H\u00f6ller\",\"url\":\"https:\/\/www.derbaugutachter.com\/it\/\",\"logo\":{\"@type\":\"ImageObject\",\"inLanguage\":\"it-IT\",\"@id\":\"https:\/\/www.derbaugutachter.com\/it\/#\/schema\/logo\/image\/\",\"url\":\"https:\/\/www.derbaugutachter.com\/wp-content\/uploads\/2025\/05\/harald_hoeller_logo_250px.png\",\"contentUrl\":\"https:\/\/www.derbaugutachter.com\/wp-content\/uploads\/2025\/05\/harald_hoeller_logo_250px.png\",\"width\":491,\"height\":250,\"caption\":\"Baugutachter Harald H\u00f6ller\"},\"image\":{\"@id\":\"https:\/\/www.derbaugutachter.com\/it\/#\/schema\/logo\/image\/\"},\"sameAs\":[\"https:\/\/www.xing.com\/profile\/Harald_Hoeller074101\",\"https:\/\/www.linkedin.com\/in\/haraldhoeller24011976\",\"https:\/\/www.instagram.com\/derbaugutachterharald\",\"https:\/\/www.youtube.com\/@HaraldHller2401\"]}]}<\/script>\n<!-- \/ Yoast SEO plugin. -->","yoast_head_json":{"title":"Su di me &#187; Baugutachter Harald H\u00f6ller","description":"Su di me &#187; Baugutachter Harald H\u00f6ller","robots":{"index":"index","follow":"follow","max-snippet":"max-snippet:-1","max-image-preview":"max-image-preview:large","max-video-preview":"max-video-preview:-1"},"canonical":"https:\/\/www.derbaugutachter.com\/it\/su-di-me\/","og_locale":"it_IT","og_type":"article","og_title":"Su di me &#187; Baugutachter Harald H\u00f6ller","og_description":"Su di me &#187; Baugutachter Harald H\u00f6ller","og_url":"https:\/\/www.derbaugutachter.com\/it\/su-di-me\/","og_site_name":"Baugutachter Harald H\u00f6ller","article_modified_time":"2025-07-30T14:03:55+00:00","twitter_card":"summary_large_image","twitter_misc":{"Tempo di lettura stimato":"4 minuti"},"schema":{"@context":"https:\/\/schema.org","@graph":[{"@type":"WebPage","@id":"https:\/\/www.derbaugutachter.com\/it\/su-di-me\/","url":"https:\/\/www.derbaugutachter.com\/it\/su-di-me\/","name":"Su di me &#187; Baugutachter Harald H\u00f6ller","isPartOf":{"@id":"https:\/\/www.derbaugutachter.com\/it\/#website"},"datePublished":"2025-05-18T11:12:11+00:00","dateModified":"2025-07-30T14:03:55+00:00","description":"Su di me &#187; Baugutachter Harald H\u00f6ller","breadcrumb":{"@id":"https:\/\/www.derbaugutachter.com\/it\/su-di-me\/#breadcrumb"},"inLanguage":"it-IT","potentialAction":[{"@type":"ReadAction","target":["https:\/\/www.derbaugutachter.com\/it\/su-di-me\/"]}]},{"@type":"BreadcrumbList","@id":"https:\/\/www.derbaugutachter.com\/it\/su-di-me\/#breadcrumb","itemListElement":[{"@type":"ListItem","position":1,"name":"Startseite","item":"https:\/\/www.derbaugutachter.com\/it\/pagina-iniziale\/"},{"@type":"ListItem","position":2,"name":"Su di me"}]},{"@type":"WebSite","@id":"https:\/\/www.derbaugutachter.com\/it\/#website","url":"https:\/\/www.derbaugutachter.com\/it\/","name":"Baugutachter Harald H\u00f6ller","description":"","publisher":{"@id":"https:\/\/www.derbaugutachter.com\/it\/#organization"},"potentialAction":[{"@type":"SearchAction","target":{"@type":"EntryPoint","urlTemplate":"https:\/\/www.derbaugutachter.com\/it\/?s={search_term_string}"},"query-input":{"@type":"PropertyValueSpecification","valueRequired":true,"valueName":"search_term_string"}}],"inLanguage":"it-IT"},{"@type":"Organization","@id":"https:\/\/www.derbaugutachter.com\/it\/#organization","name":"Baugutachter Harald H\u00f6ller","url":"https:\/\/www.derbaugutachter.com\/it\/","logo":{"@type":"ImageObject","inLanguage":"it-IT","@id":"https:\/\/www.derbaugutachter.com\/it\/#\/schema\/logo\/image\/","url":"https:\/\/www.derbaugutachter.com\/wp-content\/uploads\/2025\/05\/harald_hoeller_logo_250px.png","contentUrl":"https:\/\/www.derbaugutachter.com\/wp-content\/uploads\/2025\/05\/harald_hoeller_logo_250px.png","width":491,"height":250,"caption":"Baugutachter Harald H\u00f6ller"},"image":{"@id":"https:\/\/www.derbaugutachter.com\/it\/#\/schema\/logo\/image\/"},"sameAs":["https:\/\/www.xing.com\/profile\/Harald_Hoeller074101","https:\/\/www.linkedin.com\/in\/haraldhoeller24011976","https:\/\/www.instagram.com\/derbaugutachterharald","https:\/\/www.youtube.com\/@HaraldHller2401"]}]}},"_links":{"self":[{"href":"https:\/\/www.derbaugutachter.com\/it\/wp-json\/wp\/v2\/pages\/367","targetHints":{"allow":["GET"]}}],"collection":[{"href":"https:\/\/www.derbaugutachter.com\/it\/wp-json\/wp\/v2\/pages"}],"about":[{"href":"https:\/\/www.derbaugutachter.com\/it\/wp-json\/wp\/v2\/types\/page"}],"author":[{"embeddable":true,"href":"https:\/\/www.derbaugutachter.com\/it\/wp-json\/wp\/v2\/users\/1"}],"replies":[{"embeddable":true,"href":"https:\/\/www.derbaugutachter.com\/it\/wp-json\/wp\/v2\/comments?post=367"}],"version-history":[{"count":4,"href":"https:\/\/www.derbaugutachter.com\/it\/wp-json\/wp\/v2\/pages\/367\/revisions"}],"predecessor-version":[{"id":458,"href":"https:\/\/www.derbaugutachter.com\/it\/wp-json\/wp\/v2\/pages\/367\/revisions\/458"}],"wp:attachment":[{"href":"https:\/\/www.derbaugutachter.com\/it\/wp-json\/wp\/v2\/media?parent=367"}],"curies":[{"name":"wp","href":"https:\/\/api.w.org\/{rel}","templated":true}]}}